{"id":19,"date":"2020-08-16T10:53:37","date_gmt":"2020-08-16T08:53:37","guid":{"rendered":"http:\/\/2c5cdee8aff6.ngrok.io\/?page_id=19"},"modified":"2021-03-07T10:14:08","modified_gmt":"2021-03-07T09:14:08","slug":"si-vous-souhaitez-me-connaitre","status":"publish","type":"page","link":"https:\/\/antidote-epistolaire.fr\/index.php\/si-vous-souhaitez-me-connaitre\/","title":{"rendered":"Si vous souhaitez me conna\u00eetre"},"content":{"rendered":"\n<p style=\"font-size:11px\"><em>Ambiance d&rsquo;\u00e9criture<\/em> :<\/p>\n\n\n\n<div class=\"wp-block-columns is-layout-flex wp-container-core-columns-is-layout-1 wp-block-columns-is-layout-flex\">\n<div class=\"wp-block-column is-layout-flow wp-block-column-is-layout-flow\">\n<iframe src=\"https:\/\/embed.music.apple.com\/us\/album\/el-momento\/1454366545?i=1454366850&amp;app=music&amp;itsct=music_box&amp;itscg=30200&amp;ls=1\" height=\"150px\" frameborder=\"0\" sandbox=\"allow-forms allow-popups allow-same-origin allow-scripts allow-top-navigation-by-user-activation\" allow=\"autoplay *; encrypted-media *;\" style=\"width: 100%; overflow: hidden; border-radius: 10px; background: transparent;\"><\/iframe>\n<\/div>\n\n\n\n<div class=\"wp-block-column is-layout-flow wp-block-column-is-layout-flow\">\n<iframe loading=\"lazy\" style=\"margin-top: 35px\" src=\"https:\/\/open.spotify.com\/embed\/track\/3YlFNZ4iquJHPX6scKROns\" width=\"100%\" height=\"80\" frameborder=\"0\" allowtransparency=\"true\" allow=\"encrypted-media\"><\/iframe>\n<\/div>\n<\/div>\n\n\n\n<p class=\"has-drop-cap\" style=\"font-size:15px\"><strong>J<\/strong>e ne crois plus en rien sauf en ceux que j&rsquo;aime. Ce qui, entre nous, n&rsquo;est pas une mince affaire. Ainsi, je ne porte aucune attention aux proverbes, maximes, adages ou autres citations populaires. Si vous souhaitez me s\u00e9duire, n&rsquo;utilisez pas \u00ab\u00a0fuis-moi, je te suis, suis-moi, je te fuis\u00a0\u00bb. <\/p>\n\n\n\n<p style=\"font-size:15px\">Ne citez pas non plus pour me consoler \u00ab\u00a0aime qui ne t&rsquo;aime pas, r\u00e9ponds \u00e0 qui ne t&rsquo;appelle pas, tu perdras tes peines\u00a0\u00bb. \u00c9vitez \u00e9galement \u00ab\u00a0Jamais deux sans trois\u00a0\u00bb, \u00ab\u00a0Qui veut voyager loin, m\u00e9nage sa monture\u00a0\u00bb et \u00ab\u00a0Si tu as quelque chose \u00e0 dire, tu trouveras les mots\u00a0\u00bb. Je ne porte aucune attention aux sourates, aux versets et aux parchemins pour faire mes choix. Je pr\u00e9f\u00e8re de loin tendre mes deux oreilles \u00e0 un ami et prendre de son exp\u00e9rience et de sa d\u00e9bonnairet\u00e9 pour rena\u00eetre d&rsquo;une d\u00e9ception ou prendre un nouveau d\u00e9part.<\/p>\n\n\n\n<p style=\"font-size:15px\">Si je sais \u00e9couter, ne vous m\u00e9prenez pas. Je n&rsquo;entends pas tout et n&rsquo;importe quoi. Je ne suis ni stupide ni candide. Alors passez votre chemin si vous \u00eates manipulateur, menteur, prestidigitateur, mentaliste ou encore hypnotiseur. Mais arr\u00eatez-vous si vous \u00eates pilote de montgolfi\u00e8re, pianiste, \u00e9crivain ou encore constructeur d&rsquo;ouvrages d&rsquo;art. Je saurai vous aimer \u00e0 une seule condition : une sinc\u00e9rit\u00e9 sans faille.<\/p>\n","protected":false},"excerpt":{"rendered":"<p>Ambiance d&rsquo;\u00e9criture : Je ne crois plus en rien sauf en ceux que j&rsquo;aime. Ce qui, entre nous, n&rsquo;est pas une mince affaire. Ainsi, je ne porte aucune attention aux proverbes, maximes, adages ou autres citations populaires. Si vous souhaitez me s\u00e9duire, n&rsquo;utilisez pas \u00ab\u00a0fuis-moi, je te suis, suis-moi, je te fuis\u00a0\u00bb. Ne citez pas non plus pour me consoler &hellip; <\/p>\n","protected":false},"author":3,"featured_media":0,"parent":0,"menu_order":0,"comment_status":"closed","ping_status":"closed","template":"","meta":{"footnotes":""},"class_list":["post-19","page","type-page","status-publish","hentry"],"_links":{"self":[{"href":"https:\/\/antidote-epistolaire.fr\/index.php\/wp-json\/wp\/v2\/pages\/19","targetHints":{"allow":["GET"]}}],"collection":[{"href":"https:\/\/antidote-epistolaire.fr\/index.php\/wp-json\/wp\/v2\/pages"}],"about":[{"href":"https:\/\/antidote-epistolaire.fr\/index.php\/wp-json\/wp\/v2\/types\/page"}],"author":[{"embeddable":true,"href":"https:\/\/antidote-epistolaire.fr\/index.php\/wp-json\/wp\/v2\/users\/3"}],"replies":[{"embeddable":true,"href":"https:\/\/antidote-epistolaire.fr\/index.php\/wp-json\/wp\/v2\/comments?post=19"}],"version-history":[{"count":3,"href":"https:\/\/antidote-epistolaire.fr\/index.php\/wp-json\/wp\/v2\/pages\/19\/revisions"}],"predecessor-version":[{"id":792,"href":"https:\/\/antidote-epistolaire.fr\/index.php\/wp-json\/wp\/v2\/pages\/19\/revisions\/792"}],"wp:attachment":[{"href":"https:\/\/antidote-epistolaire.fr\/index.php\/wp-json\/wp\/v2\/media?parent=19"}],"curies":[{"name":"wp","href":"https:\/\/api.w.org\/{rel}","templated":true}]}}